{"id":3426,"date":"2025-06-27T12:47:28","date_gmt":"2025-06-27T12:47:28","guid":{"rendered":"https:\/\/www.opg-babojelic.hr\/proizvod\/eko-haskap-gefroren-91\/"},"modified":"2025-08-27T09:48:00","modified_gmt":"2025-08-27T09:48:00","slug":"tiefgefrorene-haskap-beeren-300g-91","status":"publish","type":"product","link":"https:\/\/www.opg-babojelic.hr\/de\/proizvod\/tiefgefrorene-haskap-beeren-300g-91\/","title":{"rendered":"Tiefgefrorene Haskap-Beeren 300g 9+1"},"content":{"rendered":"<p><strong>Ideal f\u00fcr:<\/strong><\/p>\n<ul>\n<li>Smoothies, Porridge und Joghurt<\/li>\n<li>Hausgemachtes Eis, Kuchen und Desserts<\/li>\n<li>Fruchtige Saucen und Beilagen<\/li>\n<\/ul>\n<p><strong><br \/>\nWarum Haskap?<\/strong><\/p>\n<p>Haskap enth\u00e4lt <strong>2\u20133 Mal mehr Antioxidantien als Heidelbeeren<\/strong>, ist reich an Vitamin C und unterst\u00fctzt das Immunsystem, die Vitalit\u00e4t und die Herzgesundheit.<\/p>\n<p><strong>Zutaten<\/strong>: 100% tiefgefrorene Haskap-Beeren<br \/>\n<strong>F\u00fcllmenge<\/strong>: 300g<br \/>\n<strong>Herkunft<\/strong>: Kroatien \u2013 aus eigenem Anbau bei OPG Babojeli\u0107<br \/>\n<strong>Zertifizierter Bio-Anbau<\/strong><\/p>\n","protected":false},"excerpt":{"rendered":"<p><strong>100% biologisch angebaut \u2022 Schockgefrostet \u2022 Ohne Zus\u00e4tze<\/strong><\/p>\n<p>Der Geschmack der Natur \u2013 bewahrt in jeder Beere!<br \/>\nUnsere <strong>Tiefgefrorenen Haskap-Beeren (Sibirische Heidelbeeren)<\/strong> stammen aus dem \u00f6kologisch zertifizierten Obstgarten von OPG Babojeli\u0107 mit \u00fcber 6.500 Str\u00e4uchern dieses au\u00dfergew\u00f6hnlichen Superfoods.<\/p>\n<p>Sorgf\u00e4ltig geerntet auf dem H\u00f6hepunkt der Reife und sofort tiefgefroren, um N\u00e4hrstoffe, Frische und Antioxidantien zu bewahren \u2013 ganz ohne Zucker, Wasser oder Konservierungsstoffe. Nur reine Natur. <\/p>\n","protected":false},"featured_media":1324,"template":"","meta":{"_acf_changed":false},"product_brand":[],"product_cat":[55],"product_tag":[],"class_list":{"0":"post-3426","1":"product","2":"type-product","3":"status-publish","4":"has-post-thumbnail","6":"product_cat-fruchte","8":"first","9":"instock","10":"taxable","11":"shipping-taxable","12":"purchasable","13":"product-type-simple"},"acf":[],"yoast_head":"<!-- This site is optimized with the Yoast SEO plugin v25.8 - https:\/\/yoast.com\/wordpress\/plugins\/seo\/ -->\n<title>Tiefgefrorene Haskap-Beeren 300g 9+1 - OPG Babojeli\u0107<\/title>\n<meta name=\"robots\" content=\"index, follow, max-snippet:-1, max-image-preview:large, max-video-preview:-1\" \/>\n<link rel=\"canonical\" href=\"https:\/\/www.opg-babojelic.hr\/proizvod\/zamrznuti-haskap-300g-91\/\" \/>\n<meta property=\"og:locale\" content=\"de_DE\" \/>\n<meta property=\"og:type\" content=\"article\" \/>\n<meta property=\"og:title\" content=\"Tiefgefrorene Haskap-Beeren 300g 9+1 - OPG Babojeli\u0107\" \/>\n<meta property=\"og:description\" content=\"100% biologisch angebaut \u2022 Schockgefrostet \u2022 Ohne Zus\u00e4tze  Der Geschmack der Natur \u2013 bewahrt in jeder Beere! Unsere Tiefgefrorenen Haskap-Beeren (Sibirische Heidelbeeren) stammen aus dem \u00f6kologisch zertifizierten Obstgarten von OPG Babojeli\u0107 mit \u00fcber 6.500 Str\u00e4uchern dieses au\u00dfergew\u00f6hnlichen Superfoods.  Sorgf\u00e4ltig geerntet auf dem H\u00f6hepunkt der Reife und sofort tiefgefroren, um N\u00e4hrstoffe, Frische und Antioxidantien zu bewahren \u2013 ganz ohne Zucker, Wasser oder Konservierungsstoffe. Nur reine Natur.\" \/>\n<meta property=\"og:url\" content=\"https:\/\/www.opg-babojelic.hr\/proizvod\/zamrznuti-haskap-300g-91\/\" \/>\n<meta property=\"og:site_name\" content=\"OPG Babojeli\u0107\" \/>\n<meta property=\"article:modified_time\" content=\"2025-08-27T09:48:00+00:00\" \/>\n<meta property=\"og:image\" content=\"https:\/\/www.opg-babojelic.hr\/wp-content\/uploads\/2025\/07\/haskap-voce.png\" \/>\n\t<meta property=\"og:image:width\" content=\"1080\" \/>\n\t<meta property=\"og:image:height\" content=\"1080\" \/>\n\t<meta property=\"og:image:type\" content=\"image\/png\" \/>\n<meta name=\"twitter:card\" content=\"summary_large_image\" \/>\n<script type=\"application\/ld+json\" class=\"yoast-schema-graph\">{\"@context\":\"https:\/\/schema.org\",\"@graph\":[{\"@type\":\"WebPage\",\"@id\":\"https:\/\/www.opg-babojelic.hr\/proizvod\/zamrznuti-haskap-300g-91\/\",\"url\":\"https:\/\/www.opg-babojelic.hr\/proizvod\/zamrznuti-haskap-300g-91\/\",\"name\":\"Tiefgefrorene Haskap-Beeren 300g 9+1 - OPG Babojeli\u0107\",\"isPartOf\":{\"@id\":\"https:\/\/www.opg-babojelic.hr\/#website\"},\"primaryImageOfPage\":{\"@id\":\"https:\/\/www.opg-babojelic.hr\/proizvod\/zamrznuti-haskap-300g-91\/#primaryimage\"},\"image\":{\"@id\":\"https:\/\/www.opg-babojelic.hr\/proizvod\/zamrznuti-haskap-300g-91\/#primaryimage\"},\"thumbnailUrl\":\"https:\/\/www.opg-babojelic.hr\/wp-content\/uploads\/2025\/07\/haskap-voce.png\",\"datePublished\":\"2025-06-27T12:47:28+00:00\",\"dateModified\":\"2025-08-27T09:48:00+00:00\",\"breadcrumb\":{\"@id\":\"https:\/\/www.opg-babojelic.hr\/proizvod\/zamrznuti-haskap-300g-91\/#breadcrumb\"},\"inLanguage\":\"de\",\"potentialAction\":[{\"@type\":\"ReadAction\",\"target\":[\"https:\/\/www.opg-babojelic.hr\/proizvod\/zamrznuti-haskap-300g-91\/\"]}]},{\"@type\":\"ImageObject\",\"inLanguage\":\"de\",\"@id\":\"https:\/\/www.opg-babojelic.hr\/proizvod\/zamrznuti-haskap-300g-91\/#primaryimage\",\"url\":\"https:\/\/www.opg-babojelic.hr\/wp-content\/uploads\/2025\/07\/haskap-voce.png\",\"contentUrl\":\"https:\/\/www.opg-babojelic.hr\/wp-content\/uploads\/2025\/07\/haskap-voce.png\",\"width\":1080,\"height\":1080},{\"@type\":\"BreadcrumbList\",\"@id\":\"https:\/\/www.opg-babojelic.hr\/proizvod\/zamrznuti-haskap-300g-91\/#breadcrumb\",\"itemListElement\":[{\"@type\":\"ListItem\",\"position\":1,\"name\":\"Po\u010detna stranica\",\"item\":\"https:\/\/www.opg-babojelic.hr\/\"},{\"@type\":\"ListItem\",\"position\":2,\"name\":\"Shop\",\"item\":\"https:\/\/www.opg-babojelic.hr\/trgovina\/\"},{\"@type\":\"ListItem\",\"position\":3,\"name\":\"Tiefgefrorene Haskap-Beeren 300g 9+1\"}]},{\"@type\":\"WebSite\",\"@id\":\"https:\/\/www.opg-babojelic.hr\/#website\",\"url\":\"https:\/\/www.opg-babojelic.hr\/\",\"name\":\"OPG Babojeli\u0107\",\"description\":\"Zdravlje nikada nije bilo ukusnije i dostupnije!\",\"publisher\":{\"@id\":\"https:\/\/www.opg-babojelic.hr\/#organization\"},\"potentialAction\":[{\"@type\":\"SearchAction\",\"target\":{\"@type\":\"EntryPoint\",\"urlTemplate\":\"https:\/\/www.opg-babojelic.hr\/?s={search_term_string}\"},\"query-input\":{\"@type\":\"PropertyValueSpecification\",\"valueRequired\":true,\"valueName\":\"search_term_string\"}}],\"inLanguage\":\"de\"},{\"@type\":\"Organization\",\"@id\":\"https:\/\/www.opg-babojelic.hr\/#organization\",\"name\":\"OPG Babojeli\u0107\",\"url\":\"https:\/\/www.opg-babojelic.hr\/\",\"logo\":{\"@type\":\"ImageObject\",\"inLanguage\":\"de\",\"@id\":\"https:\/\/www.opg-babojelic.hr\/#\/schema\/logo\/image\/\",\"url\":\"https:\/\/www.opg-babojelic.hr\/wp-content\/uploads\/2025\/06\/opgbabojelic-logo.svg\",\"contentUrl\":\"https:\/\/www.opg-babojelic.hr\/wp-content\/uploads\/2025\/06\/opgbabojelic-logo.svg\",\"width\":114,\"height\":64,\"caption\":\"OPG Babojeli\u0107\"},\"image\":{\"@id\":\"https:\/\/www.opg-babojelic.hr\/#\/schema\/logo\/image\/\"}}]}<\/script>\n<!-- \/ Yoast SEO plugin. -->","yoast_head_json":{"title":"Tiefgefrorene Haskap-Beeren 300g 9+1 - OPG Babojeli\u0107","robots":{"index":"index","follow":"follow","max-snippet":"max-snippet:-1","max-image-preview":"max-image-preview:large","max-video-preview":"max-video-preview:-1"},"canonical":"https:\/\/www.opg-babojelic.hr\/proizvod\/zamrznuti-haskap-300g-91\/","og_locale":"de_DE","og_type":"article","og_title":"Tiefgefrorene Haskap-Beeren 300g 9+1 - OPG Babojeli\u0107","og_description":"100% biologisch angebaut \u2022 Schockgefrostet \u2022 Ohne Zus\u00e4tze  Der Geschmack der Natur \u2013 bewahrt in jeder Beere! Unsere Tiefgefrorenen Haskap-Beeren (Sibirische Heidelbeeren) stammen aus dem \u00f6kologisch zertifizierten Obstgarten von OPG Babojeli\u0107 mit \u00fcber 6.500 Str\u00e4uchern dieses au\u00dfergew\u00f6hnlichen Superfoods.  Sorgf\u00e4ltig geerntet auf dem H\u00f6hepunkt der Reife und sofort tiefgefroren, um N\u00e4hrstoffe, Frische und Antioxidantien zu bewahren \u2013 ganz ohne Zucker, Wasser oder Konservierungsstoffe. Nur reine Natur.","og_url":"https:\/\/www.opg-babojelic.hr\/proizvod\/zamrznuti-haskap-300g-91\/","og_site_name":"OPG Babojeli\u0107","article_modified_time":"2025-08-27T09:48:00+00:00","og_image":[{"width":1080,"height":1080,"url":"https:\/\/www.opg-babojelic.hr\/wp-content\/uploads\/2025\/07\/haskap-voce.png","type":"image\/png"}],"twitter_card":"summary_large_image","schema":{"@context":"https:\/\/schema.org","@graph":[{"@type":"WebPage","@id":"https:\/\/www.opg-babojelic.hr\/proizvod\/zamrznuti-haskap-300g-91\/","url":"https:\/\/www.opg-babojelic.hr\/proizvod\/zamrznuti-haskap-300g-91\/","name":"Tiefgefrorene Haskap-Beeren 300g 9+1 - OPG Babojeli\u0107","isPartOf":{"@id":"https:\/\/www.opg-babojelic.hr\/#website"},"primaryImageOfPage":{"@id":"https:\/\/www.opg-babojelic.hr\/proizvod\/zamrznuti-haskap-300g-91\/#primaryimage"},"image":{"@id":"https:\/\/www.opg-babojelic.hr\/proizvod\/zamrznuti-haskap-300g-91\/#primaryimage"},"thumbnailUrl":"https:\/\/www.opg-babojelic.hr\/wp-content\/uploads\/2025\/07\/haskap-voce.png","datePublished":"2025-06-27T12:47:28+00:00","dateModified":"2025-08-27T09:48:00+00:00","breadcrumb":{"@id":"https:\/\/www.opg-babojelic.hr\/proizvod\/zamrznuti-haskap-300g-91\/#breadcrumb"},"inLanguage":"de","potentialAction":[{"@type":"ReadAction","target":["https:\/\/www.opg-babojelic.hr\/proizvod\/zamrznuti-haskap-300g-91\/"]}]},{"@type":"ImageObject","inLanguage":"de","@id":"https:\/\/www.opg-babojelic.hr\/proizvod\/zamrznuti-haskap-300g-91\/#primaryimage","url":"https:\/\/www.opg-babojelic.hr\/wp-content\/uploads\/2025\/07\/haskap-voce.png","contentUrl":"https:\/\/www.opg-babojelic.hr\/wp-content\/uploads\/2025\/07\/haskap-voce.png","width":1080,"height":1080},{"@type":"BreadcrumbList","@id":"https:\/\/www.opg-babojelic.hr\/proizvod\/zamrznuti-haskap-300g-91\/#breadcrumb","itemListElement":[{"@type":"ListItem","position":1,"name":"Po\u010detna stranica","item":"https:\/\/www.opg-babojelic.hr\/"},{"@type":"ListItem","position":2,"name":"Shop","item":"https:\/\/www.opg-babojelic.hr\/trgovina\/"},{"@type":"ListItem","position":3,"name":"Tiefgefrorene Haskap-Beeren 300g 9+1"}]},{"@type":"WebSite","@id":"https:\/\/www.opg-babojelic.hr\/#website","url":"https:\/\/www.opg-babojelic.hr\/","name":"OPG Babojeli\u0107","description":"Zdravlje nikada nije bilo ukusnije i dostupnije!","publisher":{"@id":"https:\/\/www.opg-babojelic.hr\/#organization"},"potentialAction":[{"@type":"SearchAction","target":{"@type":"EntryPoint","urlTemplate":"https:\/\/www.opg-babojelic.hr\/?s={search_term_string}"},"query-input":{"@type":"PropertyValueSpecification","valueRequired":true,"valueName":"search_term_string"}}],"inLanguage":"de"},{"@type":"Organization","@id":"https:\/\/www.opg-babojelic.hr\/#organization","name":"OPG Babojeli\u0107","url":"https:\/\/www.opg-babojelic.hr\/","logo":{"@type":"ImageObject","inLanguage":"de","@id":"https:\/\/www.opg-babojelic.hr\/#\/schema\/logo\/image\/","url":"https:\/\/www.opg-babojelic.hr\/wp-content\/uploads\/2025\/06\/opgbabojelic-logo.svg","contentUrl":"https:\/\/www.opg-babojelic.hr\/wp-content\/uploads\/2025\/06\/opgbabojelic-logo.svg","width":114,"height":64,"caption":"OPG Babojeli\u0107"},"image":{"@id":"https:\/\/www.opg-babojelic.hr\/#\/schema\/logo\/image\/"}}]}},"_links":{"self":[{"href":"https:\/\/www.opg-babojelic.hr\/de\/wp-json\/wp\/v2\/product\/3426","targetHints":{"allow":["GET"]}}],"collection":[{"href":"https:\/\/www.opg-babojelic.hr\/de\/wp-json\/wp\/v2\/product"}],"about":[{"href":"https:\/\/www.opg-babojelic.hr\/de\/wp-json\/wp\/v2\/types\/product"}],"wp:featuredmedia":[{"embeddable":true,"href":"https:\/\/www.opg-babojelic.hr\/de\/wp-json\/wp\/v2\/media\/1324"}],"wp:attachment":[{"href":"https:\/\/www.opg-babojelic.hr\/de\/wp-json\/wp\/v2\/media?parent=3426"}],"wp:term":[{"taxonomy":"product_brand","embeddable":true,"href":"https:\/\/www.opg-babojelic.hr\/de\/wp-json\/wp\/v2\/product_brand?post=3426"},{"taxonomy":"product_cat","embeddable":true,"href":"https:\/\/www.opg-babojelic.hr\/de\/wp-json\/wp\/v2\/product_cat?post=3426"},{"taxonomy":"product_tag","embeddable":true,"href":"https:\/\/www.opg-babojelic.hr\/de\/wp-json\/wp\/v2\/product_tag?post=3426"}],"curies":[{"name":"wp","href":"https:\/\/api.w.org\/{rel}","templated":true}]}}