{"id":3428,"date":"2025-06-27T12:47:28","date_gmt":"2025-06-27T12:47:28","guid":{"rendered":"https:\/\/www.opg-babojelic.hr\/proizvod\/eko-haskap-zamrznjen-91\/"},"modified":"2025-08-27T09:48:06","modified_gmt":"2025-08-27T09:48:06","slug":"zamrznjene-jagode-haskap-300g-91","status":"publish","type":"product","link":"https:\/\/www.opg-babojelic.hr\/sl\/proizvod\/zamrznjene-jagode-haskap-300g-91\/","title":{"rendered":"Zamrznjene jagode Haskap 300g 9+1"},"content":{"rendered":"<p><strong>Idealno za:<\/strong><\/p>\n<ul>\n<li>Smoothieje, ka\u0161e in jogurte<\/li>\n<li>Doma\u010de sladolede, pite in peciva<\/li>\n<li>Osvje\u017eavaju\u0107e umake i deserte<\/li>\n<\/ul>\n<p><strong><br \/>\nSve\u017ee sadne omake in sladice<\/strong><\/p>\n<p>Haskap vsebuje <strong>2\u20133x ve\u010d antioksidantov kot borovnice<\/strong>, je bogat z vitaminom C in krepi odpornost, vitalnost in zdravje srca.<\/p>\n<p><strong>Sestavine<\/strong>: 100% zamrznjene jagode Haskap<br \/>\n<strong>Neto koli\u010dina<\/strong>: 300g<br \/>\n<strong>Izvor<\/strong>: Hrva\u0161ka \u2013 iz lastnega sadovnjaka OPG Babojeli\u0107<br \/>\n<strong>Ekolo\u0161ko certificirano<\/strong><\/p>\n","protected":false},"excerpt":{"rendered":"<p><strong>100% ekolo\u0161ko pridelano \u2022 Hitro zamrznjeno \u2022 Brez dodatkov<\/strong><\/p>\n<p>Okus narave \u2013 ohranjen v vsaki jagodi!<br \/>\nNa\u0161e <strong>zamrznjene jagode Haskap (sibirske borovnice)<\/strong> prihajajo iz certificiranega ekolo\u0161kega sadovnjaka OPG Babojeli\u0107, kjer z veliko skrbnostjo gojimo ve\u010d kot 6.500 grmov tega izjemnega sadja.<\/p>\n<p>Jagode so obrane v vrhuncu zrelosti in takoj hitro zamrznjene, da ohranijo vse vitamine, antioksidante in sve\u017eino \u2013 brez dodanega sladkorja, vode ali konzervansov. Samo \u010dist, naraven sade\u017e. <\/p>\n","protected":false},"featured_media":1325,"template":"","meta":{"_acf_changed":false},"product_brand":[],"product_cat":[56],"product_tag":[],"class_list":{"0":"post-3428","1":"product","2":"type-product","3":"status-publish","4":"has-post-thumbnail","6":"product_cat-sadje","8":"first","9":"instock","10":"taxable","11":"shipping-taxable","12":"purchasable","13":"product-type-simple"},"acf":[],"yoast_head":"<!-- This site is optimized with the Yoast SEO plugin v25.8 - https:\/\/yoast.com\/wordpress\/plugins\/seo\/ -->\n<title>Zamrznjene jagode Haskap 300g 9+1 - OPG Babojeli\u0107<\/title>\n<meta name=\"robots\" content=\"index, follow, max-snippet:-1, max-image-preview:large, max-video-preview:-1\" \/>\n<link rel=\"canonical\" href=\"https:\/\/www.opg-babojelic.hr\/proizvod\/zamrznuti-haskap-300g-91\/\" \/>\n<meta property=\"og:locale\" content=\"sl_SI\" \/>\n<meta property=\"og:type\" content=\"article\" \/>\n<meta property=\"og:title\" content=\"Zamrznjene jagode Haskap 300g 9+1 - OPG Babojeli\u0107\" \/>\n<meta property=\"og:description\" content=\"100% ekolo\u0161ko pridelano \u2022 Hitro zamrznjeno \u2022 Brez dodatkov  Okus narave \u2013 ohranjen v vsaki jagodi! Na\u0161e zamrznjene jagode Haskap (sibirske borovnice) prihajajo iz certificiranega ekolo\u0161kega sadovnjaka OPG Babojeli\u0107, kjer z veliko skrbnostjo gojimo ve\u010d kot 6.500 grmov tega izjemnega sadja.  Jagode so obrane v vrhuncu zrelosti in takoj hitro zamrznjene, da ohranijo vse vitamine, antioksidante in sve\u017eino \u2013 brez dodanega sladkorja, vode ali konzervansov. Samo \u010dist, naraven sade\u017e.\" \/>\n<meta property=\"og:url\" content=\"https:\/\/www.opg-babojelic.hr\/proizvod\/zamrznuti-haskap-300g-91\/\" \/>\n<meta property=\"og:site_name\" content=\"OPG Babojeli\u0107\" \/>\n<meta property=\"article:modified_time\" content=\"2025-08-27T09:48:06+00:00\" \/>\n<meta property=\"og:image\" content=\"https:\/\/www.opg-babojelic.hr\/wp-content\/uploads\/2025\/07\/haskap-voce.png\" \/>\n\t<meta property=\"og:image:width\" content=\"1080\" \/>\n\t<meta property=\"og:image:height\" content=\"1080\" \/>\n\t<meta property=\"og:image:type\" content=\"image\/png\" \/>\n<meta name=\"twitter:card\" content=\"summary_large_image\" \/>\n<script type=\"application\/ld+json\" class=\"yoast-schema-graph\">{\"@context\":\"https:\/\/schema.org\",\"@graph\":[{\"@type\":\"WebPage\",\"@id\":\"https:\/\/www.opg-babojelic.hr\/proizvod\/zamrznuti-haskap-300g-91\/\",\"url\":\"https:\/\/www.opg-babojelic.hr\/proizvod\/zamrznuti-haskap-300g-91\/\",\"name\":\"Zamrznjene jagode Haskap 300g 9+1 - OPG Babojeli\u0107\",\"isPartOf\":{\"@id\":\"https:\/\/www.opg-babojelic.hr\/#website\"},\"primaryImageOfPage\":{\"@id\":\"https:\/\/www.opg-babojelic.hr\/proizvod\/zamrznuti-haskap-300g-91\/#primaryimage\"},\"image\":{\"@id\":\"https:\/\/www.opg-babojelic.hr\/proizvod\/zamrznuti-haskap-300g-91\/#primaryimage\"},\"thumbnailUrl\":\"https:\/\/www.opg-babojelic.hr\/wp-content\/uploads\/2025\/07\/haskap-voce.png\",\"datePublished\":\"2025-06-27T12:47:28+00:00\",\"dateModified\":\"2025-08-27T09:48:06+00:00\",\"breadcrumb\":{\"@id\":\"https:\/\/www.opg-babojelic.hr\/proizvod\/zamrznuti-haskap-300g-91\/#breadcrumb\"},\"inLanguage\":\"sl-SI\",\"potentialAction\":[{\"@type\":\"ReadAction\",\"target\":[\"https:\/\/www.opg-babojelic.hr\/proizvod\/zamrznuti-haskap-300g-91\/\"]}]},{\"@type\":\"ImageObject\",\"inLanguage\":\"sl-SI\",\"@id\":\"https:\/\/www.opg-babojelic.hr\/proizvod\/zamrznuti-haskap-300g-91\/#primaryimage\",\"url\":\"https:\/\/www.opg-babojelic.hr\/wp-content\/uploads\/2025\/07\/haskap-voce.png\",\"contentUrl\":\"https:\/\/www.opg-babojelic.hr\/wp-content\/uploads\/2025\/07\/haskap-voce.png\",\"width\":1080,\"height\":1080},{\"@type\":\"BreadcrumbList\",\"@id\":\"https:\/\/www.opg-babojelic.hr\/proizvod\/zamrznuti-haskap-300g-91\/#breadcrumb\",\"itemListElement\":[{\"@type\":\"ListItem\",\"position\":1,\"name\":\"Po\u010detna stranica\",\"item\":\"https:\/\/www.opg-babojelic.hr\/\"},{\"@type\":\"ListItem\",\"position\":2,\"name\":\"Trgovina\",\"item\":\"https:\/\/www.opg-babojelic.hr\/sl\/shop\/\"},{\"@type\":\"ListItem\",\"position\":3,\"name\":\"Zamrznjene jagode Haskap 300g 9+1\"}]},{\"@type\":\"WebSite\",\"@id\":\"https:\/\/www.opg-babojelic.hr\/#website\",\"url\":\"https:\/\/www.opg-babojelic.hr\/\",\"name\":\"OPG Babojeli\u0107\",\"description\":\"Zdravlje nikada nije bilo ukusnije i dostupnije!\",\"publisher\":{\"@id\":\"https:\/\/www.opg-babojelic.hr\/#organization\"},\"potentialAction\":[{\"@type\":\"SearchAction\",\"target\":{\"@type\":\"EntryPoint\",\"urlTemplate\":\"https:\/\/www.opg-babojelic.hr\/?s={search_term_string}\"},\"query-input\":{\"@type\":\"PropertyValueSpecification\",\"valueRequired\":true,\"valueName\":\"search_term_string\"}}],\"inLanguage\":\"sl-SI\"},{\"@type\":\"Organization\",\"@id\":\"https:\/\/www.opg-babojelic.hr\/#organization\",\"name\":\"OPG Babojeli\u0107\",\"url\":\"https:\/\/www.opg-babojelic.hr\/\",\"logo\":{\"@type\":\"ImageObject\",\"inLanguage\":\"sl-SI\",\"@id\":\"https:\/\/www.opg-babojelic.hr\/#\/schema\/logo\/image\/\",\"url\":\"https:\/\/www.opg-babojelic.hr\/wp-content\/uploads\/2025\/06\/opgbabojelic-logo.svg\",\"contentUrl\":\"https:\/\/www.opg-babojelic.hr\/wp-content\/uploads\/2025\/06\/opgbabojelic-logo.svg\",\"width\":114,\"height\":64,\"caption\":\"OPG Babojeli\u0107\"},\"image\":{\"@id\":\"https:\/\/www.opg-babojelic.hr\/#\/schema\/logo\/image\/\"}}]}<\/script>\n<!-- \/ Yoast SEO plugin. -->","yoast_head_json":{"title":"Zamrznjene jagode Haskap 300g 9+1 - OPG Babojeli\u0107","robots":{"index":"index","follow":"follow","max-snippet":"max-snippet:-1","max-image-preview":"max-image-preview:large","max-video-preview":"max-video-preview:-1"},"canonical":"https:\/\/www.opg-babojelic.hr\/proizvod\/zamrznuti-haskap-300g-91\/","og_locale":"sl_SI","og_type":"article","og_title":"Zamrznjene jagode Haskap 300g 9+1 - OPG Babojeli\u0107","og_description":"100% ekolo\u0161ko pridelano \u2022 Hitro zamrznjeno \u2022 Brez dodatkov  Okus narave \u2013 ohranjen v vsaki jagodi! Na\u0161e zamrznjene jagode Haskap (sibirske borovnice) prihajajo iz certificiranega ekolo\u0161kega sadovnjaka OPG Babojeli\u0107, kjer z veliko skrbnostjo gojimo ve\u010d kot 6.500 grmov tega izjemnega sadja.  Jagode so obrane v vrhuncu zrelosti in takoj hitro zamrznjene, da ohranijo vse vitamine, antioksidante in sve\u017eino \u2013 brez dodanega sladkorja, vode ali konzervansov. Samo \u010dist, naraven sade\u017e.","og_url":"https:\/\/www.opg-babojelic.hr\/proizvod\/zamrznuti-haskap-300g-91\/","og_site_name":"OPG Babojeli\u0107","article_modified_time":"2025-08-27T09:48:06+00:00","og_image":[{"width":1080,"height":1080,"url":"https:\/\/www.opg-babojelic.hr\/wp-content\/uploads\/2025\/07\/haskap-voce.png","type":"image\/png"}],"twitter_card":"summary_large_image","schema":{"@context":"https:\/\/schema.org","@graph":[{"@type":"WebPage","@id":"https:\/\/www.opg-babojelic.hr\/proizvod\/zamrznuti-haskap-300g-91\/","url":"https:\/\/www.opg-babojelic.hr\/proizvod\/zamrznuti-haskap-300g-91\/","name":"Zamrznjene jagode Haskap 300g 9+1 - OPG Babojeli\u0107","isPartOf":{"@id":"https:\/\/www.opg-babojelic.hr\/#website"},"primaryImageOfPage":{"@id":"https:\/\/www.opg-babojelic.hr\/proizvod\/zamrznuti-haskap-300g-91\/#primaryimage"},"image":{"@id":"https:\/\/www.opg-babojelic.hr\/proizvod\/zamrznuti-haskap-300g-91\/#primaryimage"},"thumbnailUrl":"https:\/\/www.opg-babojelic.hr\/wp-content\/uploads\/2025\/07\/haskap-voce.png","datePublished":"2025-06-27T12:47:28+00:00","dateModified":"2025-08-27T09:48:06+00:00","breadcrumb":{"@id":"https:\/\/www.opg-babojelic.hr\/proizvod\/zamrznuti-haskap-300g-91\/#breadcrumb"},"inLanguage":"sl-SI","potentialAction":[{"@type":"ReadAction","target":["https:\/\/www.opg-babojelic.hr\/proizvod\/zamrznuti-haskap-300g-91\/"]}]},{"@type":"ImageObject","inLanguage":"sl-SI","@id":"https:\/\/www.opg-babojelic.hr\/proizvod\/zamrznuti-haskap-300g-91\/#primaryimage","url":"https:\/\/www.opg-babojelic.hr\/wp-content\/uploads\/2025\/07\/haskap-voce.png","contentUrl":"https:\/\/www.opg-babojelic.hr\/wp-content\/uploads\/2025\/07\/haskap-voce.png","width":1080,"height":1080},{"@type":"BreadcrumbList","@id":"https:\/\/www.opg-babojelic.hr\/proizvod\/zamrznuti-haskap-300g-91\/#breadcrumb","itemListElement":[{"@type":"ListItem","position":1,"name":"Po\u010detna stranica","item":"https:\/\/www.opg-babojelic.hr\/"},{"@type":"ListItem","position":2,"name":"Trgovina","item":"https:\/\/www.opg-babojelic.hr\/sl\/shop\/"},{"@type":"ListItem","position":3,"name":"Zamrznjene jagode Haskap 300g 9+1"}]},{"@type":"WebSite","@id":"https:\/\/www.opg-babojelic.hr\/#website","url":"https:\/\/www.opg-babojelic.hr\/","name":"OPG Babojeli\u0107","description":"Zdravlje nikada nije bilo ukusnije i dostupnije!","publisher":{"@id":"https:\/\/www.opg-babojelic.hr\/#organization"},"potentialAction":[{"@type":"SearchAction","target":{"@type":"EntryPoint","urlTemplate":"https:\/\/www.opg-babojelic.hr\/?s={search_term_string}"},"query-input":{"@type":"PropertyValueSpecification","valueRequired":true,"valueName":"search_term_string"}}],"inLanguage":"sl-SI"},{"@type":"Organization","@id":"https:\/\/www.opg-babojelic.hr\/#organization","name":"OPG Babojeli\u0107","url":"https:\/\/www.opg-babojelic.hr\/","logo":{"@type":"ImageObject","inLanguage":"sl-SI","@id":"https:\/\/www.opg-babojelic.hr\/#\/schema\/logo\/image\/","url":"https:\/\/www.opg-babojelic.hr\/wp-content\/uploads\/2025\/06\/opgbabojelic-logo.svg","contentUrl":"https:\/\/www.opg-babojelic.hr\/wp-content\/uploads\/2025\/06\/opgbabojelic-logo.svg","width":114,"height":64,"caption":"OPG Babojeli\u0107"},"image":{"@id":"https:\/\/www.opg-babojelic.hr\/#\/schema\/logo\/image\/"}}]}},"_links":{"self":[{"href":"https:\/\/www.opg-babojelic.hr\/sl\/wp-json\/wp\/v2\/product\/3428","targetHints":{"allow":["GET"]}}],"collection":[{"href":"https:\/\/www.opg-babojelic.hr\/sl\/wp-json\/wp\/v2\/product"}],"about":[{"href":"https:\/\/www.opg-babojelic.hr\/sl\/wp-json\/wp\/v2\/types\/product"}],"wp:featuredmedia":[{"embeddable":true,"href":"https:\/\/www.opg-babojelic.hr\/sl\/wp-json\/wp\/v2\/media\/1325"}],"wp:attachment":[{"href":"https:\/\/www.opg-babojelic.hr\/sl\/wp-json\/wp\/v2\/media?parent=3428"}],"wp:term":[{"taxonomy":"product_brand","embeddable":true,"href":"https:\/\/www.opg-babojelic.hr\/sl\/wp-json\/wp\/v2\/product_brand?post=3428"},{"taxonomy":"product_cat","embeddable":true,"href":"https:\/\/www.opg-babojelic.hr\/sl\/wp-json\/wp\/v2\/product_cat?post=3428"},{"taxonomy":"product_tag","embeddable":true,"href":"https:\/\/www.opg-babojelic.hr\/sl\/wp-json\/wp\/v2\/product_tag?post=3428"}],"curies":[{"name":"wp","href":"https:\/\/api.w.org\/{rel}","templated":true}]}}